{"id":729,"date":"2025-10-15T09:54:55","date_gmt":"2025-10-15T07:54:55","guid":{"rendered":"https:\/\/noelencirque.org\/?page_id=729"},"modified":"2025-10-15T10:00:32","modified_gmt":"2025-10-15T08:00:32","slug":"le-resto-du-cirque","status":"publish","type":"page","link":"https:\/\/noelencirque.org\/index.php\/le-resto-du-cirque\/","title":{"rendered":"Le resto du cirque"},"content":{"rendered":"\n<p class=\"has-text-align-center has-medium-font-size\">Retrouvez les menus du <strong><mark style=\"background-color:rgba(0, 0, 0, 0)\" class=\"has-inline-color has-luminous-vivid-orange-color\">RESTO DU CIRQUE<\/mark><\/strong> et partagez un moment encore plus convivial en famille, entre amis ou en affaires !<\/p>\n\n\n\n<figure class=\"wp-block-gallery has-nested-images columns-default is-cropped wp-block-gallery-1 is-layout-flex wp-block-gallery-is-layout-flex\">\n<figure class=\"wp-block-image size-large\"><img decoding=\"async\" width=\"820\" height=\"1024\" data-id=\"730\" data-src=\"https:\/\/noelencirque.org\/wp-content\/uploads\/2025\/10\/Menu-groupe-820x1024.webp\" alt=\"\" class=\"wp-image-730 lazyload\" data-srcset=\"https:\/\/noelencirque.org\/wp-content\/uploads\/2025\/10\/Menu-groupe-820x1024.webp 820w, https:\/\/noelencirque.org\/wp-content\/uploads\/2025\/10\/Menu-groupe-240x300.webp 240w, https:\/\/noelencirque.org\/wp-content\/uploads\/2025\/10\/Menu-groupe-768x959.webp 768w, https:\/\/noelencirque.org\/wp-content\/uploads\/2025\/10\/Menu-groupe-1230x1536.webp 1230w, https:\/\/noelencirque.org\/wp-content\/uploads\/2025\/10\/Menu-groupe-1140x1423.webp 1140w, https:\/\/noelencirque.org\/wp-content\/uploads\/2025\/10\/Menu-groupe.webp 1280w\" data-sizes=\"(max-width: 820px) 100vw, 820px\" src=\"data:image\/svg+xml;base64,PHN2ZyB3aWR0aD0iMSIgaGVpZ2h0PSIxIiB4bWxucz0iaHR0cDovL3d3dy53My5vcmcvMjAwMC9zdmciPjwvc3ZnPg==\" style=\"--smush-placeholder-width: 820px; --smush-placeholder-aspect-ratio: 820\/1024;\" \/><\/figure>\n\n\n\n<figure class=\"wp-block-image size-large\"><img decoding=\"async\" width=\"819\" height=\"1024\" data-id=\"731\" data-src=\"https:\/\/noelencirque.org\/wp-content\/uploads\/2025\/10\/Menu-enfant-819x1024.webp\" alt=\"\" class=\"wp-image-731 lazyload\" data-srcset=\"https:\/\/noelencirque.org\/wp-content\/uploads\/2025\/10\/Menu-enfant-819x1024.webp 819w, https:\/\/noelencirque.org\/wp-content\/uploads\/2025\/10\/Menu-enfant-240x300.webp 240w, https:\/\/noelencirque.org\/wp-content\/uploads\/2025\/10\/Menu-enfant-768x960.webp 768w, https:\/\/noelencirque.org\/wp-content\/uploads\/2025\/10\/Menu-enfant-1229x1536.webp 1229w, https:\/\/noelencirque.org\/wp-content\/uploads\/2025\/10\/Menu-enfant-1140x1425.webp 1140w, https:\/\/noelencirque.org\/wp-content\/uploads\/2025\/10\/Menu-enfant.webp 1280w\" data-sizes=\"(max-width: 819px) 100vw, 819px\" src=\"data:image\/svg+xml;base64,PHN2ZyB3aWR0aD0iMSIgaGVpZ2h0PSIxIiB4bWxucz0iaHR0cDovL3d3dy53My5vcmcvMjAwMC9zdmciPjwvc3ZnPg==\" style=\"--smush-placeholder-width: 819px; --smush-placeholder-aspect-ratio: 819\/1024;\" \/><\/figure>\n\n\n\n<figure class=\"wp-block-image size-large\"><img decoding=\"async\" width=\"801\" height=\"1024\" data-id=\"667\" data-src=\"https:\/\/noelencirque.org\/wp-content\/uploads\/2025\/05\/Traiteur_2025-801x1024.webp\" alt=\"\" class=\"wp-image-667 lazyload\" data-srcset=\"https:\/\/noelencirque.org\/wp-content\/uploads\/2025\/05\/Traiteur_2025-801x1024.webp 801w, https:\/\/noelencirque.org\/wp-content\/uploads\/2025\/05\/Traiteur_2025-235x300.webp 235w, https:\/\/noelencirque.org\/wp-content\/uploads\/2025\/05\/Traiteur_2025-768x982.webp 768w, https:\/\/noelencirque.org\/wp-content\/uploads\/2025\/05\/Traiteur_2025-1202x1536.webp 1202w, https:\/\/noelencirque.org\/wp-content\/uploads\/2025\/05\/Traiteur_2025-1140x1457.webp 1140w, https:\/\/noelencirque.org\/wp-content\/uploads\/2025\/05\/Traiteur_2025.webp 1502w\" data-sizes=\"(max-width: 801px) 100vw, 801px\" src=\"data:image\/svg+xml;base64,PHN2ZyB3aWR0aD0iMSIgaGVpZ2h0PSIxIiB4bWxucz0iaHR0cDovL3d3dy53My5vcmcvMjAwMC9zdmciPjwvc3ZnPg==\" style=\"--smush-placeholder-width: 801px; --smush-placeholder-aspect-ratio: 801\/1024;\" \/><\/figure>\n\n\n\n<figure class=\"wp-block-image size-large\"><img decoding=\"async\" width=\"831\" height=\"1024\" data-id=\"725\" data-src=\"https:\/\/noelencirque.org\/wp-content\/uploads\/2025\/10\/Diner-spectacle-831x1024.webp\" alt=\"\" class=\"wp-image-725 lazyload\" data-srcset=\"https:\/\/noelencirque.org\/wp-content\/uploads\/2025\/10\/Diner-spectacle-831x1024.webp 831w, https:\/\/noelencirque.org\/wp-content\/uploads\/2025\/10\/Diner-spectacle-244x300.webp 244w, https:\/\/noelencirque.org\/wp-content\/uploads\/2025\/10\/Diner-spectacle-768x946.webp 768w, https:\/\/noelencirque.org\/wp-content\/uploads\/2025\/10\/Diner-spectacle.webp 1039w\" data-sizes=\"(max-width: 831px) 100vw, 831px\" src=\"data:image\/svg+xml;base64,PHN2ZyB3aWR0aD0iMSIgaGVpZ2h0PSIxIiB4bWxucz0iaHR0cDovL3d3dy53My5vcmcvMjAwMC9zdmciPjwvc3ZnPg==\" style=\"--smush-placeholder-width: 831px; --smush-placeholder-aspect-ratio: 831\/1024;\" \/><\/figure>\n<\/figure>\n\n\n\n<h2 class=\"wp-block-heading has-text-align-center\"><strong>SOUS CHAPITEAU CHAUFFE<\/strong><\/h2>\n\n\n\n<p class=\"has-text-align-center\"><strong><u>HORAIRES OUVERTURE<\/u><\/strong>&nbsp;:<\/p>\n\n\n\n<p class=\"has-text-align-center\">De 18h00 \u00e0 minuit le VENDREDI \u2013 de 11h30 \u00e0 14h30 les JEUDI, SAMEDI ET DIMANCHE et de 19h \u00e0 minuit le DIMANCHE<\/p>\n","protected":false},"excerpt":{"rendered":"<p>Retrouvez les menus du RESTO DU CIRQUE et partagez un moment encore plus convivial en famille, entre amis ou en affaires ! SOUS CHAPITEAU CHAUFFE HORAIRES OUVERTURE&nbsp;: De 18h00 \u00e0 minuit le VENDREDI \u2013 de 11h30 \u00e0 14h30 les JEUDI, SAMEDI ET DIMANCHE et de 19h \u00e0 minuit le DIMANCHE<\/p>\n","protected":false},"author":1,"featured_media":732,"parent":0,"menu_order":0,"comment_status":"closed","ping_status":"closed","template":"","meta":{"footnotes":""},"class_list":["post-729","page","type-page","status-publish","has-post-thumbnail","hentry"],"yoast_head":"<!-- This site is optimized with the Yoast SEO plugin v27.4 - https:\/\/yoast.com\/product\/yoast-seo-wordpress\/ -->\n<title>Le resto du cirque - No\u00ebl en Cirque<\/title>\n<meta name=\"description\" content=\"Les menus 2025 du Resto du cirque pour partager un moment encore plus convivial en famille, entre amis ou en affaires !\" \/>\n<meta name=\"robots\" content=\"index, follow, max-snippet:-1, max-image-preview:large, max-video-preview:-1\" \/>\n<link rel=\"canonical\" href=\"https:\/\/noelencirque.org\/index.php\/le-resto-du-cirque\/\" \/>\n<meta property=\"og:locale\" content=\"fr_FR\" \/>\n<meta property=\"og:type\" content=\"article\" \/>\n<meta property=\"og:title\" content=\"Le resto du cirque - No\u00ebl en Cirque\" \/>\n<meta property=\"og:description\" content=\"Les menus 2025 du Resto du cirque pour partager un moment encore plus convivial en famille, entre amis ou en affaires !\" \/>\n<meta property=\"og:url\" content=\"https:\/\/noelencirque.org\/index.php\/le-resto-du-cirque\/\" \/>\n<meta property=\"og:site_name\" content=\"No\u00ebl en Cirque\" \/>\n<meta property=\"article:publisher\" content=\"https:\/\/www.facebook.com\/profile.php?id=100093987205867\" \/>\n<meta property=\"article:modified_time\" content=\"2025-10-15T08:00:32+00:00\" \/>\n<meta property=\"og:image\" content=\"https:\/\/noelencirque.org\/wp-content\/uploads\/2025\/10\/Resto-du-cirque.webp\" \/>\n\t<meta property=\"og:image:width\" content=\"1280\" \/>\n\t<meta property=\"og:image:height\" content=\"658\" \/>\n\t<meta property=\"og:image:type\" content=\"image\/webp\" \/>\n<meta name=\"twitter:card\" content=\"summary_large_image\" \/>\n<meta name=\"twitter:label1\" content=\"Dur\u00e9e de lecture estim\u00e9e\" \/>\n\t<meta name=\"twitter:data1\" content=\"2 minutes\" \/>\n<script type=\"application\/ld+json\" class=\"yoast-schema-graph\">{\"@context\":\"https:\\\/\\\/schema.org\",\"@graph\":[{\"@type\":\"WebPage\",\"@id\":\"https:\\\/\\\/noelencirque.org\\\/index.php\\\/le-resto-du-cirque\\\/\",\"url\":\"https:\\\/\\\/noelencirque.org\\\/index.php\\\/le-resto-du-cirque\\\/\",\"name\":\"Le resto du cirque - No\u00ebl en Cirque\",\"isPartOf\":{\"@id\":\"https:\\\/\\\/noelencirque.org\\\/#website\"},\"primaryImageOfPage\":{\"@id\":\"https:\\\/\\\/noelencirque.org\\\/index.php\\\/le-resto-du-cirque\\\/#primaryimage\"},\"image\":{\"@id\":\"https:\\\/\\\/noelencirque.org\\\/index.php\\\/le-resto-du-cirque\\\/#primaryimage\"},\"thumbnailUrl\":\"https:\\\/\\\/noelencirque.org\\\/wp-content\\\/uploads\\\/2025\\\/10\\\/Resto-du-cirque.webp\",\"datePublished\":\"2025-10-15T07:54:55+00:00\",\"dateModified\":\"2025-10-15T08:00:32+00:00\",\"description\":\"Les menus 2025 du Resto du cirque pour partager un moment encore plus convivial en famille, entre amis ou en affaires !\",\"breadcrumb\":{\"@id\":\"https:\\\/\\\/noelencirque.org\\\/index.php\\\/le-resto-du-cirque\\\/#breadcrumb\"},\"inLanguage\":\"fr-FR\",\"potentialAction\":[{\"@type\":\"ReadAction\",\"target\":[\"https:\\\/\\\/noelencirque.org\\\/index.php\\\/le-resto-du-cirque\\\/\"]}]},{\"@type\":\"ImageObject\",\"inLanguage\":\"fr-FR\",\"@id\":\"https:\\\/\\\/noelencirque.org\\\/index.php\\\/le-resto-du-cirque\\\/#primaryimage\",\"url\":\"https:\\\/\\\/noelencirque.org\\\/wp-content\\\/uploads\\\/2025\\\/10\\\/Resto-du-cirque.webp\",\"contentUrl\":\"https:\\\/\\\/noelencirque.org\\\/wp-content\\\/uploads\\\/2025\\\/10\\\/Resto-du-cirque.webp\",\"width\":1280,\"height\":658,\"caption\":\"Logo Le Resto du Cirque\"},{\"@type\":\"BreadcrumbList\",\"@id\":\"https:\\\/\\\/noelencirque.org\\\/index.php\\\/le-resto-du-cirque\\\/#breadcrumb\",\"itemListElement\":[{\"@type\":\"ListItem\",\"position\":1,\"name\":\"Accueil\",\"item\":\"https:\\\/\\\/noelencirque.org\\\/\"},{\"@type\":\"ListItem\",\"position\":2,\"name\":\"Le resto du cirque\"}]},{\"@type\":\"WebSite\",\"@id\":\"https:\\\/\\\/noelencirque.org\\\/#website\",\"url\":\"https:\\\/\\\/noelencirque.org\\\/\",\"name\":\"No\u00ebl en Cirque\",\"description\":\"Oh l\u00e0 l\u00e0 l\u00e0 c&#039;est magnifique !\",\"publisher\":{\"@id\":\"https:\\\/\\\/noelencirque.org\\\/#organization\"},\"potentialAction\":[{\"@type\":\"SearchAction\",\"target\":{\"@type\":\"EntryPoint\",\"urlTemplate\":\"https:\\\/\\\/noelencirque.org\\\/?s={search_term_string}\"},\"query-input\":{\"@type\":\"PropertyValueSpecification\",\"valueRequired\":true,\"valueName\":\"search_term_string\"}}],\"inLanguage\":\"fr-FR\"},{\"@type\":\"Organization\",\"@id\":\"https:\\\/\\\/noelencirque.org\\\/#organization\",\"name\":\"No\u00ebl en Cirque\",\"url\":\"https:\\\/\\\/noelencirque.org\\\/\",\"logo\":{\"@type\":\"ImageObject\",\"inLanguage\":\"fr-FR\",\"@id\":\"https:\\\/\\\/noelencirque.org\\\/#\\\/schema\\\/logo\\\/image\\\/\",\"url\":\"https:\\\/\\\/noelencirque.org\\\/wp-content\\\/uploads\\\/2023\\\/10\\\/LOGO_NoelEnCirque_new.jpg\",\"contentUrl\":\"https:\\\/\\\/noelencirque.org\\\/wp-content\\\/uploads\\\/2023\\\/10\\\/LOGO_NoelEnCirque_new.jpg\",\"width\":536,\"height\":510,\"caption\":\"No\u00ebl en Cirque\"},\"image\":{\"@id\":\"https:\\\/\\\/noelencirque.org\\\/#\\\/schema\\\/logo\\\/image\\\/\"},\"sameAs\":[\"https:\\\/\\\/www.facebook.com\\\/profile.php?id=100093987205867\"]}]}<\/script>\n<!-- \/ Yoast SEO plugin. -->","yoast_head_json":{"title":"Le resto du cirque - No\u00ebl en Cirque","description":"Les menus 2025 du Resto du cirque pour partager un moment encore plus convivial en famille, entre amis ou en affaires !","robots":{"index":"index","follow":"follow","max-snippet":"max-snippet:-1","max-image-preview":"max-image-preview:large","max-video-preview":"max-video-preview:-1"},"canonical":"https:\/\/noelencirque.org\/index.php\/le-resto-du-cirque\/","og_locale":"fr_FR","og_type":"article","og_title":"Le resto du cirque - No\u00ebl en Cirque","og_description":"Les menus 2025 du Resto du cirque pour partager un moment encore plus convivial en famille, entre amis ou en affaires !","og_url":"https:\/\/noelencirque.org\/index.php\/le-resto-du-cirque\/","og_site_name":"No\u00ebl en Cirque","article_publisher":"https:\/\/www.facebook.com\/profile.php?id=100093987205867","article_modified_time":"2025-10-15T08:00:32+00:00","og_image":[{"width":1280,"height":658,"url":"https:\/\/noelencirque.org\/wp-content\/uploads\/2025\/10\/Resto-du-cirque.webp","type":"image\/webp"}],"twitter_card":"summary_large_image","twitter_misc":{"Dur\u00e9e de lecture estim\u00e9e":"2 minutes"},"schema":{"@context":"https:\/\/schema.org","@graph":[{"@type":"WebPage","@id":"https:\/\/noelencirque.org\/index.php\/le-resto-du-cirque\/","url":"https:\/\/noelencirque.org\/index.php\/le-resto-du-cirque\/","name":"Le resto du cirque - No\u00ebl en Cirque","isPartOf":{"@id":"https:\/\/noelencirque.org\/#website"},"primaryImageOfPage":{"@id":"https:\/\/noelencirque.org\/index.php\/le-resto-du-cirque\/#primaryimage"},"image":{"@id":"https:\/\/noelencirque.org\/index.php\/le-resto-du-cirque\/#primaryimage"},"thumbnailUrl":"https:\/\/noelencirque.org\/wp-content\/uploads\/2025\/10\/Resto-du-cirque.webp","datePublished":"2025-10-15T07:54:55+00:00","dateModified":"2025-10-15T08:00:32+00:00","description":"Les menus 2025 du Resto du cirque pour partager un moment encore plus convivial en famille, entre amis ou en affaires !","breadcrumb":{"@id":"https:\/\/noelencirque.org\/index.php\/le-resto-du-cirque\/#breadcrumb"},"inLanguage":"fr-FR","potentialAction":[{"@type":"ReadAction","target":["https:\/\/noelencirque.org\/index.php\/le-resto-du-cirque\/"]}]},{"@type":"ImageObject","inLanguage":"fr-FR","@id":"https:\/\/noelencirque.org\/index.php\/le-resto-du-cirque\/#primaryimage","url":"https:\/\/noelencirque.org\/wp-content\/uploads\/2025\/10\/Resto-du-cirque.webp","contentUrl":"https:\/\/noelencirque.org\/wp-content\/uploads\/2025\/10\/Resto-du-cirque.webp","width":1280,"height":658,"caption":"Logo Le Resto du Cirque"},{"@type":"BreadcrumbList","@id":"https:\/\/noelencirque.org\/index.php\/le-resto-du-cirque\/#breadcrumb","itemListElement":[{"@type":"ListItem","position":1,"name":"Accueil","item":"https:\/\/noelencirque.org\/"},{"@type":"ListItem","position":2,"name":"Le resto du cirque"}]},{"@type":"WebSite","@id":"https:\/\/noelencirque.org\/#website","url":"https:\/\/noelencirque.org\/","name":"No\u00ebl en Cirque","description":"Oh l\u00e0 l\u00e0 l\u00e0 c&#039;est magnifique !","publisher":{"@id":"https:\/\/noelencirque.org\/#organization"},"potentialAction":[{"@type":"SearchAction","target":{"@type":"EntryPoint","urlTemplate":"https:\/\/noelencirque.org\/?s={search_term_string}"},"query-input":{"@type":"PropertyValueSpecification","valueRequired":true,"valueName":"search_term_string"}}],"inLanguage":"fr-FR"},{"@type":"Organization","@id":"https:\/\/noelencirque.org\/#organization","name":"No\u00ebl en Cirque","url":"https:\/\/noelencirque.org\/","logo":{"@type":"ImageObject","inLanguage":"fr-FR","@id":"https:\/\/noelencirque.org\/#\/schema\/logo\/image\/","url":"https:\/\/noelencirque.org\/wp-content\/uploads\/2023\/10\/LOGO_NoelEnCirque_new.jpg","contentUrl":"https:\/\/noelencirque.org\/wp-content\/uploads\/2023\/10\/LOGO_NoelEnCirque_new.jpg","width":536,"height":510,"caption":"No\u00ebl en Cirque"},"image":{"@id":"https:\/\/noelencirque.org\/#\/schema\/logo\/image\/"},"sameAs":["https:\/\/www.facebook.com\/profile.php?id=100093987205867"]}]}},"_links":{"self":[{"href":"https:\/\/noelencirque.org\/index.php\/wp-json\/wp\/v2\/pages\/729","targetHints":{"allow":["GET"]}}],"collection":[{"href":"https:\/\/noelencirque.org\/index.php\/wp-json\/wp\/v2\/pages"}],"about":[{"href":"https:\/\/noelencirque.org\/index.php\/wp-json\/wp\/v2\/types\/page"}],"author":[{"embeddable":true,"href":"https:\/\/noelencirque.org\/index.php\/wp-json\/wp\/v2\/users\/1"}],"replies":[{"embeddable":true,"href":"https:\/\/noelencirque.org\/index.php\/wp-json\/wp\/v2\/comments?post=729"}],"version-history":[{"count":3,"href":"https:\/\/noelencirque.org\/index.php\/wp-json\/wp\/v2\/pages\/729\/revisions"}],"predecessor-version":[{"id":737,"href":"https:\/\/noelencirque.org\/index.php\/wp-json\/wp\/v2\/pages\/729\/revisions\/737"}],"wp:featuredmedia":[{"embeddable":true,"href":"https:\/\/noelencirque.org\/index.php\/wp-json\/wp\/v2\/media\/732"}],"wp:attachment":[{"href":"https:\/\/noelencirque.org\/index.php\/wp-json\/wp\/v2\/media?parent=729"}],"curies":[{"name":"wp","href":"https:\/\/api.w.org\/{rel}","templated":true}]}}