{"id":25,"date":"2023-09-08T17:31:00","date_gmt":"2023-09-08T15:31:00","guid":{"rendered":"https:\/\/noelencirque.org\/?page_id=25"},"modified":"2023-11-22T16:08:59","modified_gmt":"2023-11-22T15:08:59","slug":"lassociation","status":"publish","type":"page","link":"https:\/\/noelencirque.org\/index.php\/lassociation\/","title":{"rendered":"L&rsquo;association"},"content":{"rendered":"\n<p>L&rsquo;Association No\u00ebl en Cirque a vu le jour le 07\/08\/2009.<br>L&rsquo;objet de cette association est la conception , la cr\u00e9ation et l&rsquo;\u00e9laboration de programmes r\u00e9cr\u00e9atifs et d&rsquo;expositions dans le domaine du cirque, destin\u00e9s \u00e0 \u00eatre pr\u00e9sent\u00e9s en fin d&rsquo;ann\u00e9e.<br>Les 12 \u00e9ditions pr\u00e9c\u00e9dentes, de ce festival d\u00e9di\u00e9 au cirque, ont r\u00e9uni les plus grands artistes internationaux ainsi que toutes les disciplines aff\u00e9rentes au monde du cirque : dressage et domptage d&rsquo;animaux, clowns, jongleurs, trap\u00e9zistes, acrobates, magie\u2026<br>Ces spectacles vivants sont rythm\u00e9s par Monsieur Loyal et l&rsquo;Orchestre de Noel en Cirque.<br>Depuis 13 ans, en coulisse, de nombreux b\u00e9n\u00e9voles s&rsquo;affairent sans cesse afin que ce spectacle soit une r\u00e9ussite, sans oublier le soutien ind\u00e9fectible de la Mairie de Valence d&rsquo;Agen, de la Communaut\u00e9 de Communes des Deux Rives, de Conseil D\u00e9partemental du Tarn et Garonne, de l&rsquo;ensemble des partenaires.<br>L&rsquo;hiver est bient\u00f4t l\u00e0 et avec lui la 13\u00e8me \u00e9dition de No\u00ebl en Cirque avec son spectacle Cirque en 2 Rives pour la premi\u00e8re fois sous un chapiteau.<br>Une quarantaine de b\u00e9n\u00e9voles sont pr\u00e9sents, permettant que ce spectacle fonctionne dure 15 jours pour ravir de nombreux spectateurs, petits et grands. Cette \u00e9quipe fait un travail consid\u00e9rable, du matin au soir, \u00e0 des postes diff\u00e9rents : l&rsquo;\u00e9quipe du parking, de l&rsquo;accueil, de la vente de gadgets, de la vente de jetons, de la buvette et les hommes de piste.<br>Vive le cirque traditionnel avec animaux !<\/p>\n\n\n\n<p class=\"has-text-align-center\"><strong>PLACE AU CIRQUE !<\/strong><\/p>\n\n\n<div class=\"n2-section-smartslider fitvidsignore  n2_clear\" data-ssid=\"3\"><div id=\"n2-ss-3-align\" class=\"n2-ss-align\"><div class=\"n2-padding\"><div id=\"n2-ss-3\" data-creator=\"Smart Slider 3\" data-responsive=\"auto\" class=\"n2-ss-slider n2-ow n2-has-hover n2notransition  \">\n\n\n\n<div class=\"n2-ss-slider-wrapper-outside\" style=\"grid-template-rows:1fr auto\"><div class=\"n2-ss-slider-wrapper-inside\">\n        <div class=\"n2-ss-slider-1 n2_ss__touch_element n2-ow\">\n            <div class=\"n2-ss-slider-2 n2-ow\">\n                                                <div class=\"n2-ss-slider-3 n2-ow\">\n\n                    <div class=\"n2-ss-slide-backgrounds n2-ow-all\"><div class=\"n2-ss-slide-background\" data-public-id=\"1\" data-mode=\"blurfit\"><div class=\"n2-ss-slide-background-image\" data-blur=\"0\" data-opacity=\"100\" data-x=\"50\" data-y=\"50\" data-alt=\"\" data-title=\"\" data-blurfitmode=\"default\" style=\"margin:-90px;padding:90px\" data-globalblur=\"45\" data-bgblur=\"7\"><picture style=\"filter:blur(45px)\" class=\"skip-lazy\" data-skip-lazy=\"1\"><img decoding=\"async\" src=\"\/\/noelencirque.org\/wp-content\/uploads\/slider\/cache\/da9b244eabb1f19b58ae86bd999e722c\/Screenshot_20231014_172203_WhatsApp.jpg\" alt=\"\" title=\"\" loading=\"lazy\" class=\"skip-lazy\" data-skip-lazy=\"1\"><\/picture><\/div><div class=\"n2-ss-slide-background-image\" data-blur=\"0\" data-opacity=\"100\" data-x=\"50\" data-y=\"50\" data-alt=\"\" data-title=\"\"><picture class=\"skip-lazy\" data-skip-lazy=\"1\"><img decoding=\"async\" src=\"\/\/noelencirque.org\/wp-content\/uploads\/slider\/cache\/da9b244eabb1f19b58ae86bd999e722c\/Screenshot_20231014_172203_WhatsApp.jpg\" alt=\"\" title=\"\" loading=\"lazy\" class=\"skip-lazy\" data-skip-lazy=\"1\"><\/picture><\/div><div data-color=\"RGBA(255,255,255,0)\" style=\"background-color: RGBA(255,255,255,0);\" class=\"n2-ss-slide-background-color\"><\/div><\/div><div class=\"n2-ss-slide-background\" data-public-id=\"2\" data-mode=\"blurfit\" aria-hidden=\"true\"><div class=\"n2-ss-slide-background-image\" data-blur=\"0\" data-opacity=\"100\" data-x=\"50\" data-y=\"50\" data-alt=\"\" data-title=\"\" data-blurfitmode=\"default\" style=\"margin:-90px;padding:90px\" data-globalblur=\"45\" data-bgblur=\"7\"><picture style=\"filter:blur(45px)\" class=\"skip-lazy\" data-skip-lazy=\"1\"><img decoding=\"async\" src=\"\/\/noelencirque.org\/wp-content\/uploads\/slider\/cache\/ea9efdc0581a164ae21027c36a543432\/Screenshot_20231010_095823_WhatsApp.jpg\" alt=\"\" title=\"\" loading=\"lazy\" class=\"skip-lazy\" data-skip-lazy=\"1\"><\/picture><\/div><div class=\"n2-ss-slide-background-image\" data-blur=\"0\" data-opacity=\"100\" data-x=\"50\" data-y=\"50\" data-alt=\"\" data-title=\"\"><picture class=\"skip-lazy\" data-skip-lazy=\"1\"><img decoding=\"async\" src=\"\/\/noelencirque.org\/wp-content\/uploads\/slider\/cache\/ea9efdc0581a164ae21027c36a543432\/Screenshot_20231010_095823_WhatsApp.jpg\" alt=\"\" title=\"\" loading=\"lazy\" class=\"skip-lazy\" data-skip-lazy=\"1\"><\/picture><\/div><div data-color=\"RGBA(255,255,255,0)\" style=\"background-color: RGBA(255,255,255,0);\" class=\"n2-ss-slide-background-color\"><\/div><\/div><div class=\"n2-ss-slide-background\" data-public-id=\"3\" data-mode=\"blurfit\" aria-hidden=\"true\"><div class=\"n2-ss-slide-background-image\" data-blur=\"0\" data-opacity=\"100\" data-x=\"50\" data-y=\"50\" data-alt=\"\" data-title=\"\" data-blurfitmode=\"default\" style=\"margin:-90px;padding:90px\" data-globalblur=\"45\" data-bgblur=\"7\"><picture style=\"filter:blur(45px)\" class=\"skip-lazy\" data-skip-lazy=\"1\"><img decoding=\"async\" src=\"\/\/noelencirque.org\/wp-content\/uploads\/slider\/cache\/265bfb6a8ce00dd504a81636db7362bd\/Screenshot_20231014_172154_WhatsApp.jpg\" alt=\"\" title=\"\" loading=\"lazy\" class=\"skip-lazy\" data-skip-lazy=\"1\"><\/picture><\/div><div class=\"n2-ss-slide-background-image\" data-blur=\"0\" data-opacity=\"100\" data-x=\"50\" data-y=\"50\" data-alt=\"\" data-title=\"\"><picture class=\"skip-lazy\" data-skip-lazy=\"1\"><img decoding=\"async\" src=\"\/\/noelencirque.org\/wp-content\/uploads\/slider\/cache\/265bfb6a8ce00dd504a81636db7362bd\/Screenshot_20231014_172154_WhatsApp.jpg\" alt=\"\" title=\"\" loading=\"lazy\" class=\"skip-lazy\" data-skip-lazy=\"1\"><\/picture><\/div><div data-color=\"RGBA(255,255,255,0)\" style=\"background-color: RGBA(255,255,255,0);\" class=\"n2-ss-slide-background-color\"><\/div><\/div><div class=\"n2-ss-slide-background\" data-public-id=\"4\" data-mode=\"blurfit\" aria-hidden=\"true\"><div class=\"n2-ss-slide-background-image\" data-blur=\"0\" data-opacity=\"100\" data-x=\"50\" data-y=\"50\" data-alt=\"\" data-title=\"\" data-blurfitmode=\"default\" style=\"margin:-90px;padding:90px\" data-globalblur=\"45\" data-bgblur=\"7\"><picture style=\"filter:blur(45px)\" class=\"skip-lazy\" data-skip-lazy=\"1\"><img decoding=\"async\" src=\"\/\/noelencirque.org\/wp-content\/uploads\/slider\/cache\/753079f0e3b7189f27a5192f6d660a5d\/Screenshot_20231014_172229_WhatsApp.jpg\" alt=\"\" title=\"\" loading=\"lazy\" class=\"skip-lazy\" data-skip-lazy=\"1\"><\/picture><\/div><div class=\"n2-ss-slide-background-image\" data-blur=\"0\" data-opacity=\"100\" data-x=\"50\" data-y=\"50\" data-alt=\"\" data-title=\"\"><picture class=\"skip-lazy\" data-skip-lazy=\"1\"><img decoding=\"async\" src=\"\/\/noelencirque.org\/wp-content\/uploads\/slider\/cache\/753079f0e3b7189f27a5192f6d660a5d\/Screenshot_20231014_172229_WhatsApp.jpg\" alt=\"\" title=\"\" loading=\"lazy\" class=\"skip-lazy\" data-skip-lazy=\"1\"><\/picture><\/div><div data-color=\"RGBA(255,255,255,0)\" style=\"background-color: RGBA(255,255,255,0);\" class=\"n2-ss-slide-background-color\"><\/div><\/div><\/div>                    <div class=\"n2-ss-slider-4 n2-ow\">\n                        <svg xmlns=\"http:\/\/www.w3.org\/2000\/svg\" viewBox=\"0 0 1200 600\" data-related-device=\"desktopPortrait\" class=\"n2-ow n2-ss-preserve-size n2-ss-preserve-size--slider n2-ss-slide-limiter\"><\/svg><div data-first=\"1\" data-slide-duration=\"0\" data-id=\"45\" data-slide-public-id=\"1\" data-title=\"Screenshot_20231014_172203_WhatsApp\" class=\"n2-ss-slide n2-ow  n2-ss-slide-45\"><div role=\"note\" class=\"n2-ss-slide--focus\" tabindex=\"-1\">Screenshot_20231014_172203_WhatsApp<\/div><div class=\"n2-ss-layers-container n2-ss-slide-limiter n2-ow\"><div class=\"n2-ss-layer n2-ow n-uc-E6IYY3JqroTR\" data-sstype=\"slide\" data-pm=\"default\"><\/div><\/div><\/div><div data-slide-duration=\"0\" data-id=\"46\" data-slide-public-id=\"2\" aria-hidden=\"true\" data-title=\"Screenshot_20231010_095823_WhatsApp\" class=\"n2-ss-slide n2-ow  n2-ss-slide-46\"><div role=\"note\" class=\"n2-ss-slide--focus\" tabindex=\"-1\">Screenshot_20231010_095823_WhatsApp<\/div><div class=\"n2-ss-layers-container n2-ss-slide-limiter n2-ow\"><div class=\"n2-ss-layer n2-ow n-uc-fqV6jJyrWl5J\" data-sstype=\"slide\" data-pm=\"default\"><\/div><\/div><\/div><div data-slide-duration=\"0\" data-id=\"47\" data-slide-public-id=\"3\" aria-hidden=\"true\" data-title=\"Screenshot_20231014_172154_WhatsApp\" class=\"n2-ss-slide n2-ow  n2-ss-slide-47\"><div role=\"note\" class=\"n2-ss-slide--focus\" tabindex=\"-1\">Screenshot_20231014_172154_WhatsApp<\/div><div class=\"n2-ss-layers-container n2-ss-slide-limiter n2-ow\"><div class=\"n2-ss-layer n2-ow n-uc-Wwd7bWTV49H2\" data-sstype=\"slide\" data-pm=\"default\"><\/div><\/div><\/div><div data-slide-duration=\"0\" data-id=\"48\" data-slide-public-id=\"4\" aria-hidden=\"true\" data-title=\"Screenshot_20231014_172229_WhatsApp\" class=\"n2-ss-slide n2-ow  n2-ss-slide-48\"><div role=\"note\" class=\"n2-ss-slide--focus\" tabindex=\"-1\">Screenshot_20231014_172229_WhatsApp<\/div><div class=\"n2-ss-layers-container n2-ss-slide-limiter n2-ow\"><div class=\"n2-ss-layer n2-ow n-uc-fW0rjNvlI4Dy\" data-sstype=\"slide\" data-pm=\"default\"><\/div><\/div><\/div>                    <\/div>\n\n                                    <\/div>\n            <\/div>\n        <\/div>\n        <div class=\"n2-ss-slider-controls n2-ss-slider-controls-absolute-left-center\"><div style=\"--widget-offset:15px;\" class=\"n2-ss-widget nextend-arrow n2-ow-all nextend-arrow-previous  nextend-arrow-animated-fade\" data-hide-mobileportrait=\"1\" id=\"n2-ss-3-arrow-previous\" role=\"button\" aria-label=\"previous arrow\" tabindex=\"0\"><img decoding=\"async\" width=\"32\" height=\"32\" class=\"n2-arrow-normal-img skip-lazy\" data-skip-lazy=\"1\" src=\"data:image\/svg+xml;base64,PHN2ZyB3aWR0aD0iMzIiIGhlaWdodD0iMzIiIHZpZXdCb3g9IjAgMCAzMiAzMiIgeG1sbnM9Imh0dHA6Ly93d3cudzMub3JnLzIwMDAvc3ZnIj4KICAgIDxwYXRoIGQ9Ik0xMS40MzMgMTUuOTkyTDIyLjY5IDUuNzEyYy4zOTMtLjM5LjM5My0xLjAzIDAtMS40Mi0uMzkzLS4zOS0xLjAzLS4zOS0xLjQyMyAwbC0xMS45OCAxMC45NGMtLjIxLjIxLS4zLjQ5LS4yODUuNzYtLjAxNS4yOC4wNzUuNTYuMjg0Ljc3bDExLjk4IDEwLjk0Yy4zOTMuMzkgMS4wMy4zOSAxLjQyNCAwIC4zOTMtLjQuMzkzLTEuMDMgMC0xLjQybC0xMS4yNTctMTAuMjkiCiAgICAgICAgICBmaWxsPSIjZmZmZmZmIiBvcGFjaXR5PSIwLjgiIGZpbGwtcnVsZT0iZXZlbm9kZCIvPgo8L3N2Zz4=\" alt=\"previous arrow\"><img decoding=\"async\" width=\"32\" height=\"32\" class=\"n2-arrow-hover-img skip-lazy\" data-skip-lazy=\"1\" src=\"data:image\/svg+xml;base64,PHN2ZyB3aWR0aD0iMzIiIGhlaWdodD0iMzIiIHZpZXdCb3g9IjAgMCAzMiAzMiIgeG1sbnM9Imh0dHA6Ly93d3cudzMub3JnLzIwMDAvc3ZnIj4KICAgIDxwYXRoIGQ9Ik0xMS40MzMgMTUuOTkyTDIyLjY5IDUuNzEyYy4zOTMtLjM5LjM5My0xLjAzIDAtMS40Mi0uMzkzLS4zOS0xLjAzLS4zOS0xLjQyMyAwbC0xMS45OCAxMC45NGMtLjIxLjIxLS4zLjQ5LS4yODUuNzYtLjAxNS4yOC4wNzUuNTYuMjg0Ljc3bDExLjk4IDEwLjk0Yy4zOTMuMzkgMS4wMy4zOSAxLjQyNCAwIC4zOTMtLjQuMzkzLTEuMDMgMC0xLjQybC0xMS4yNTctMTAuMjkiCiAgICAgICAgICBmaWxsPSIjZmZmZmZmIiBvcGFjaXR5PSIwLjgiIGZpbGwtcnVsZT0iZXZlbm9kZCIvPgo8L3N2Zz4=\" alt=\"previous arrow\"><\/div><\/div><div class=\"n2-ss-slider-controls n2-ss-slider-controls-absolute-right-center\"><div style=\"--widget-offset:15px;\" class=\"n2-ss-widget nextend-arrow n2-ow-all nextend-arrow-next  nextend-arrow-animated-fade\" data-hide-mobileportrait=\"1\" id=\"n2-ss-3-arrow-next\" role=\"button\" aria-label=\"next arrow\" tabindex=\"0\"><img decoding=\"async\" width=\"32\" height=\"32\" class=\"n2-arrow-normal-img skip-lazy\" data-skip-lazy=\"1\" src=\"data:image\/svg+xml;base64,PHN2ZyB3aWR0aD0iMzIiIGhlaWdodD0iMzIiIHZpZXdCb3g9IjAgMCAzMiAzMiIgeG1sbnM9Imh0dHA6Ly93d3cudzMub3JnLzIwMDAvc3ZnIj4KICAgIDxwYXRoIGQ9Ik0xMC43MjIgNC4yOTNjLS4zOTQtLjM5LTEuMDMyLS4zOS0xLjQyNyAwLS4zOTMuMzktLjM5MyAxLjAzIDAgMS40MmwxMS4yODMgMTAuMjgtMTEuMjgzIDEwLjI5Yy0uMzkzLjM5LS4zOTMgMS4wMiAwIDEuNDIuMzk1LjM5IDEuMDMzLjM5IDEuNDI3IDBsMTIuMDA3LTEwLjk0Yy4yMS0uMjEuMy0uNDkuMjg0LS43Ny4wMTQtLjI3LS4wNzYtLjU1LS4yODYtLjc2TDEwLjcyIDQuMjkzeiIKICAgICAgICAgIGZpbGw9IiNmZmZmZmYiIG9wYWNpdHk9IjAuOCIgZmlsbC1ydWxlPSJldmVub2RkIi8+Cjwvc3ZnPg==\" alt=\"next arrow\"><img decoding=\"async\" width=\"32\" height=\"32\" class=\"n2-arrow-hover-img skip-lazy\" data-skip-lazy=\"1\" src=\"data:image\/svg+xml;base64,PHN2ZyB3aWR0aD0iMzIiIGhlaWdodD0iMzIiIHZpZXdCb3g9IjAgMCAzMiAzMiIgeG1sbnM9Imh0dHA6Ly93d3cudzMub3JnLzIwMDAvc3ZnIj4KICAgIDxwYXRoIGQ9Ik0xMC43MjIgNC4yOTNjLS4zOTQtLjM5LTEuMDMyLS4zOS0xLjQyNyAwLS4zOTMuMzktLjM5MyAxLjAzIDAgMS40MmwxMS4yODMgMTAuMjgtMTEuMjgzIDEwLjI5Yy0uMzkzLjM5LS4zOTMgMS4wMiAwIDEuNDIuMzk1LjM5IDEuMDMzLjM5IDEuNDI3IDBsMTIuMDA3LTEwLjk0Yy4yMS0uMjEuMy0uNDkuMjg0LS43Ny4wMTQtLjI3LS4wNzYtLjU1LS4yODYtLjc2TDEwLjcyIDQuMjkzeiIKICAgICAgICAgIGZpbGw9IiNmZmZmZmYiIG9wYWNpdHk9IjAuOCIgZmlsbC1ydWxlPSJldmVub2RkIi8+Cjwvc3ZnPg==\" alt=\"next arrow\"><\/div><\/div><div class=\"n2-ss-slider-controls n2-ss-slider-controls-absolute-center-bottom\"><div style=\"--widget-offset:5px;\" class=\"n2-ss-widget n2-ss-control-bullet n2-ow-all n2-ss-control-bullet-horizontal\"><div class=\" nextend-bullet-bar n2-bar-justify-content-center\" role=\"group\" aria-label=\"Choose slide to display.\"><div class=\"n2-bullet n2-style-785355f374be86c332d4665aae819858-dot \" style=\"visibility:hidden;\"><\/div><\/div><\/div><\/div><\/div><div class=\"n2-ss-slider-controls n2-ss-slider-controls-below\"><div class=\"n2-ss-widget nextend-shadow n2-ow-all\" data-hide-mobileportrait=\"1\"><img decoding=\"async\" width=\"1120\" height=\"50\" style=\"display: block; width:100%;max-width:none;\" class=\"nextend-shadow-image skip-lazy\" loading=\"lazy\" data-skip-lazy=\"1\" src=\"https:\/\/noelencirque.org\/wp-content\/plugins\/smart-slider-3\/Public\/SmartSlider3\/Widget\/Shadow\/ShadowImage\/Assets\/shadow\/dark.png\" alt=\"Shadow\"><\/div><\/div><\/div><\/div><ss3-loader><\/ss3-loader><\/div><\/div><div class=\"n2_clear\"><\/div><\/div>\n\n\n<h3 class=\"wp-block-heading has-text-align-center\">Retrouvez tous les goodies de l&rsquo;association sur notre <a href=\"https:\/\/noelencirque.org\/index.php\/2023\/11\/02\/les-goodies-de-noel-en-cirque\/\" data-type=\"link\" data-id=\"https:\/\/noelencirque.org\/index.php\/2023\/11\/02\/les-goodies-de-noel-en-cirque\/\">article d\u00e9di\u00e9<\/a><\/h3>\n","protected":false},"excerpt":{"rendered":"<p>L&rsquo;Association No\u00ebl en Cirque a vu le jour le 07\/08\/2009.L&rsquo;objet de cette association est la conception , la cr\u00e9ation et l&rsquo;\u00e9laboration de programmes r\u00e9cr\u00e9atifs et d&rsquo;expositions dans le domaine du cirque, destin\u00e9s \u00e0 \u00eatre pr\u00e9sent\u00e9s en fin d&rsquo;ann\u00e9e.Les 12 \u00e9ditions pr\u00e9c\u00e9dentes, de ce festival d\u00e9di\u00e9 au cirque, ont r\u00e9uni les plus grands artistes internationaux ainsi que toutes les disciplines aff\u00e9rentes au monde du cirque : dressage et domptage d&rsquo;animaux, clowns, jongleurs, trap\u00e9zistes, acrobates, magie\u2026Ces spectacles vivants sont rythm\u00e9s par Monsieur Loyal et l&rsquo;Orchestre de Noel en Cirque.Depuis 13 ans, en coulisse, de nombreux b\u00e9n\u00e9voles s&rsquo;affairent sans cesse afin que ce spectacle soit une r\u00e9ussite, sans oublier le soutien ind\u00e9fectible de la Mairie de Valence d&rsquo;Agen, de la Communaut\u00e9 de Communes des Deux Rives, de Conseil D\u00e9partemental du Tarn et Garonne, de l&rsquo;ensemble des partenaires.L&rsquo;hiver est bient\u00f4t l\u00e0 et avec lui la 13\u00e8me \u00e9dition de No\u00ebl en Cirque avec son spectacle Cirque en 2 Rives pour la premi\u00e8re fois sous un chapiteau.Une quarantaine de b\u00e9n\u00e9voles sont pr\u00e9sents, permettant que ce spectacle fonctionne dure 15 jours pour ravir de nombreux spectateurs, petits et grands. Cette \u00e9quipe fait un travail consid\u00e9rable, du matin au soir, \u00e0 des postes diff\u00e9rents : l&rsquo;\u00e9quipe du parking, de l&rsquo;accueil, de la vente de gadgets, de la vente de jetons, de la buvette et les hommes de piste.Vive le cirque traditionnel avec animaux ! PLACE AU CIRQUE ! Retrouvez tous les goodies de l&rsquo;association sur notre article d\u00e9di\u00e9<\/p>\n","protected":false},"author":1,"featured_media":0,"parent":0,"menu_order":0,"comment_status":"closed","ping_status":"closed","template":"","meta":{"footnotes":""},"class_list":["post-25","page","type-page","status-publish","hentry"],"yoast_head":"<!-- This site is optimized with the Yoast SEO plugin v27.4 - https:\/\/yoast.com\/product\/yoast-seo-wordpress\/ -->\n<title>L&#039;association - No\u00ebl en Cirque<\/title>\n<meta name=\"description\" content=\"N\u00e9e le 07\/08\/2009, l&#039;Association No\u00ebl en Cirque a pour objet la conception et la mise en \u0153uvre de programmes circassiens\" \/>\n<meta name=\"robots\" content=\"index, follow, max-snippet:-1, max-image-preview:large, max-video-preview:-1\" \/>\n<link rel=\"canonical\" href=\"https:\/\/noelencirque.org\/index.php\/lassociation\/\" \/>\n<meta property=\"og:locale\" content=\"fr_FR\" \/>\n<meta property=\"og:type\" content=\"article\" \/>\n<meta property=\"og:title\" content=\"L&#039;association - No\u00ebl en Cirque\" \/>\n<meta property=\"og:description\" content=\"N\u00e9e le 07\/08\/2009, l&#039;Association No\u00ebl en Cirque a pour objet la conception et la mise en \u0153uvre de programmes circassiens\" \/>\n<meta property=\"og:url\" content=\"https:\/\/noelencirque.org\/index.php\/lassociation\/\" \/>\n<meta property=\"og:site_name\" content=\"No\u00ebl en Cirque\" \/>\n<meta property=\"article:publisher\" content=\"https:\/\/www.facebook.com\/profile.php?id=100093987205867\" \/>\n<meta property=\"article:modified_time\" content=\"2023-11-22T15:08:59+00:00\" \/>\n<meta property=\"og:image\" content=\"https:\/\/noelencirque.org\/wp-content\/uploads\/2023\/10\/LOGO_NoelEnCirque_new.jpg\" \/>\n\t<meta property=\"og:image:width\" content=\"536\" \/>\n\t<meta property=\"og:image:height\" content=\"510\" \/>\n\t<meta property=\"og:image:type\" content=\"image\/jpeg\" \/>\n<meta name=\"twitter:card\" content=\"summary_large_image\" \/>\n<meta name=\"twitter:label1\" content=\"Dur\u00e9e de lecture estim\u00e9e\" \/>\n\t<meta name=\"twitter:data1\" content=\"2 minutes\" \/>\n<script type=\"application\/ld+json\" class=\"yoast-schema-graph\">{\"@context\":\"https:\\\/\\\/schema.org\",\"@graph\":[{\"@type\":\"WebPage\",\"@id\":\"https:\\\/\\\/noelencirque.org\\\/index.php\\\/lassociation\\\/\",\"url\":\"https:\\\/\\\/noelencirque.org\\\/index.php\\\/lassociation\\\/\",\"name\":\"L'association - No\u00ebl en Cirque\",\"isPartOf\":{\"@id\":\"https:\\\/\\\/noelencirque.org\\\/#website\"},\"datePublished\":\"2023-09-08T15:31:00+00:00\",\"dateModified\":\"2023-11-22T15:08:59+00:00\",\"description\":\"N\u00e9e le 07\\\/08\\\/2009, l'Association No\u00ebl en Cirque a pour objet la conception et la mise en \u0153uvre de programmes circassiens\",\"breadcrumb\":{\"@id\":\"https:\\\/\\\/noelencirque.org\\\/index.php\\\/lassociation\\\/#breadcrumb\"},\"inLanguage\":\"fr-FR\",\"potentialAction\":[{\"@type\":\"ReadAction\",\"target\":[\"https:\\\/\\\/noelencirque.org\\\/index.php\\\/lassociation\\\/\"]}]},{\"@type\":\"BreadcrumbList\",\"@id\":\"https:\\\/\\\/noelencirque.org\\\/index.php\\\/lassociation\\\/#breadcrumb\",\"itemListElement\":[{\"@type\":\"ListItem\",\"position\":1,\"name\":\"Accueil\",\"item\":\"https:\\\/\\\/noelencirque.org\\\/\"},{\"@type\":\"ListItem\",\"position\":2,\"name\":\"L&rsquo;association\"}]},{\"@type\":\"WebSite\",\"@id\":\"https:\\\/\\\/noelencirque.org\\\/#website\",\"url\":\"https:\\\/\\\/noelencirque.org\\\/\",\"name\":\"No\u00ebl en Cirque\",\"description\":\"Oh l\u00e0 l\u00e0 l\u00e0 c&#039;est magnifique !\",\"publisher\":{\"@id\":\"https:\\\/\\\/noelencirque.org\\\/#organization\"},\"potentialAction\":[{\"@type\":\"SearchAction\",\"target\":{\"@type\":\"EntryPoint\",\"urlTemplate\":\"https:\\\/\\\/noelencirque.org\\\/?s={search_term_string}\"},\"query-input\":{\"@type\":\"PropertyValueSpecification\",\"valueRequired\":true,\"valueName\":\"search_term_string\"}}],\"inLanguage\":\"fr-FR\"},{\"@type\":\"Organization\",\"@id\":\"https:\\\/\\\/noelencirque.org\\\/#organization\",\"name\":\"No\u00ebl en Cirque\",\"url\":\"https:\\\/\\\/noelencirque.org\\\/\",\"logo\":{\"@type\":\"ImageObject\",\"inLanguage\":\"fr-FR\",\"@id\":\"https:\\\/\\\/noelencirque.org\\\/#\\\/schema\\\/logo\\\/image\\\/\",\"url\":\"https:\\\/\\\/noelencirque.org\\\/wp-content\\\/uploads\\\/2023\\\/10\\\/LOGO_NoelEnCirque_new.jpg\",\"contentUrl\":\"https:\\\/\\\/noelencirque.org\\\/wp-content\\\/uploads\\\/2023\\\/10\\\/LOGO_NoelEnCirque_new.jpg\",\"width\":536,\"height\":510,\"caption\":\"No\u00ebl en Cirque\"},\"image\":{\"@id\":\"https:\\\/\\\/noelencirque.org\\\/#\\\/schema\\\/logo\\\/image\\\/\"},\"sameAs\":[\"https:\\\/\\\/www.facebook.com\\\/profile.php?id=100093987205867\"]}]}<\/script>\n<!-- \/ Yoast SEO plugin. -->","yoast_head_json":{"title":"L'association - No\u00ebl en Cirque","description":"N\u00e9e le 07\/08\/2009, l'Association No\u00ebl en Cirque a pour objet la conception et la mise en \u0153uvre de programmes circassiens","robots":{"index":"index","follow":"follow","max-snippet":"max-snippet:-1","max-image-preview":"max-image-preview:large","max-video-preview":"max-video-preview:-1"},"canonical":"https:\/\/noelencirque.org\/index.php\/lassociation\/","og_locale":"fr_FR","og_type":"article","og_title":"L'association - No\u00ebl en Cirque","og_description":"N\u00e9e le 07\/08\/2009, l'Association No\u00ebl en Cirque a pour objet la conception et la mise en \u0153uvre de programmes circassiens","og_url":"https:\/\/noelencirque.org\/index.php\/lassociation\/","og_site_name":"No\u00ebl en Cirque","article_publisher":"https:\/\/www.facebook.com\/profile.php?id=100093987205867","article_modified_time":"2023-11-22T15:08:59+00:00","og_image":[{"width":536,"height":510,"url":"https:\/\/noelencirque.org\/wp-content\/uploads\/2023\/10\/LOGO_NoelEnCirque_new.jpg","type":"image\/jpeg"}],"twitter_card":"summary_large_image","twitter_misc":{"Dur\u00e9e de lecture estim\u00e9e":"2 minutes"},"schema":{"@context":"https:\/\/schema.org","@graph":[{"@type":"WebPage","@id":"https:\/\/noelencirque.org\/index.php\/lassociation\/","url":"https:\/\/noelencirque.org\/index.php\/lassociation\/","name":"L'association - No\u00ebl en Cirque","isPartOf":{"@id":"https:\/\/noelencirque.org\/#website"},"datePublished":"2023-09-08T15:31:00+00:00","dateModified":"2023-11-22T15:08:59+00:00","description":"N\u00e9e le 07\/08\/2009, l'Association No\u00ebl en Cirque a pour objet la conception et la mise en \u0153uvre de programmes circassiens","breadcrumb":{"@id":"https:\/\/noelencirque.org\/index.php\/lassociation\/#breadcrumb"},"inLanguage":"fr-FR","potentialAction":[{"@type":"ReadAction","target":["https:\/\/noelencirque.org\/index.php\/lassociation\/"]}]},{"@type":"BreadcrumbList","@id":"https:\/\/noelencirque.org\/index.php\/lassociation\/#breadcrumb","itemListElement":[{"@type":"ListItem","position":1,"name":"Accueil","item":"https:\/\/noelencirque.org\/"},{"@type":"ListItem","position":2,"name":"L&rsquo;association"}]},{"@type":"WebSite","@id":"https:\/\/noelencirque.org\/#website","url":"https:\/\/noelencirque.org\/","name":"No\u00ebl en Cirque","description":"Oh l\u00e0 l\u00e0 l\u00e0 c&#039;est magnifique !","publisher":{"@id":"https:\/\/noelencirque.org\/#organization"},"potentialAction":[{"@type":"SearchAction","target":{"@type":"EntryPoint","urlTemplate":"https:\/\/noelencirque.org\/?s={search_term_string}"},"query-input":{"@type":"PropertyValueSpecification","valueRequired":true,"valueName":"search_term_string"}}],"inLanguage":"fr-FR"},{"@type":"Organization","@id":"https:\/\/noelencirque.org\/#organization","name":"No\u00ebl en Cirque","url":"https:\/\/noelencirque.org\/","logo":{"@type":"ImageObject","inLanguage":"fr-FR","@id":"https:\/\/noelencirque.org\/#\/schema\/logo\/image\/","url":"https:\/\/noelencirque.org\/wp-content\/uploads\/2023\/10\/LOGO_NoelEnCirque_new.jpg","contentUrl":"https:\/\/noelencirque.org\/wp-content\/uploads\/2023\/10\/LOGO_NoelEnCirque_new.jpg","width":536,"height":510,"caption":"No\u00ebl en Cirque"},"image":{"@id":"https:\/\/noelencirque.org\/#\/schema\/logo\/image\/"},"sameAs":["https:\/\/www.facebook.com\/profile.php?id=100093987205867"]}]}},"_links":{"self":[{"href":"https:\/\/noelencirque.org\/index.php\/wp-json\/wp\/v2\/pages\/25","targetHints":{"allow":["GET"]}}],"collection":[{"href":"https:\/\/noelencirque.org\/index.php\/wp-json\/wp\/v2\/pages"}],"about":[{"href":"https:\/\/noelencirque.org\/index.php\/wp-json\/wp\/v2\/types\/page"}],"author":[{"embeddable":true,"href":"https:\/\/noelencirque.org\/index.php\/wp-json\/wp\/v2\/users\/1"}],"replies":[{"embeddable":true,"href":"https:\/\/noelencirque.org\/index.php\/wp-json\/wp\/v2\/comments?post=25"}],"version-history":[{"count":6,"href":"https:\/\/noelencirque.org\/index.php\/wp-json\/wp\/v2\/pages\/25\/revisions"}],"predecessor-version":[{"id":282,"href":"https:\/\/noelencirque.org\/index.php\/wp-json\/wp\/v2\/pages\/25\/revisions\/282"}],"wp:attachment":[{"href":"https:\/\/noelencirque.org\/index.php\/wp-json\/wp\/v2\/media?parent=25"}],"curies":[{"name":"wp","href":"https:\/\/api.w.org\/{rel}","templated":true}]}}